{"id":774,"date":"2022-02-24T09:52:24","date_gmt":"2022-02-24T09:52:24","guid":{"rendered":"https:\/\/djpatoguatemala.com\/djpato\/about\/"},"modified":"2025-12-11T23:11:17","modified_gmt":"2025-12-11T23:11:17","slug":"descargas","status":"publish","type":"page","link":"https:\/\/djpatoguatemala.com\/djpato\/descargas\/","title":{"rendered":"Descargas"},"content":{"rendered":"\n<div class=\"wp-block-uagb-container uagb-block-83a9efd9 alignfull uagb-is-root-container\"><div class=\"uagb-container__shape uagb-container__shape-bottom uagb-container__shape-flip uagb-container__invert\" data-negative=\"false\"><svg xmlns=\"https:\/\/www.w3.org\/2000\/svg\" viewBox=\"0 0 1000 100\" preserveAspectRatio=\"none\"><path class=\"uagb-container__shape-fill\" d=\"M0,6V0h1000v100L0,6z\"><\/path><\/svg><\/div><div class=\"uagb-container-inner-blocks-wrap\">\n<div class=\"wp-block-uagb-advanced-heading uagb-block-6a12de0a\"><h1 class=\"uagb-heading-text\">Todo comenz\u00f3 as\u00ed<\/h1><p class=\"uagb-desc-text\">La pasi\u00f3n por mezclar las mejores canciones que a todos nos gusta<\/p><\/div>\n<\/div><\/div>\n\n\n\n<div class=\"wp-block-uagb-container uagb-block-e450df1d alignfull uagb-is-root-container\"><div class=\"uagb-container__shape uagb-container__shape-top uagb-container__shape-flip\"><svg xmlns=\"https:\/\/www.w3.org\/2000\/svg\" viewBox=\"0 0 1000 100\" preserveAspectRatio=\"none\"><path class=\"uagb-container__shape-fill\" d=\"M0,6V0h1000v100L0,6z\"><\/path><\/svg><\/div><div class=\"uagb-container__shape uagb-container__shape-bottom uagb-container__shape-flip uagb-container__invert\" data-negative=\"false\"><svg xmlns=\"https:\/\/www.w3.org\/2000\/svg\" viewBox=\"0 0 1000 100\" preserveAspectRatio=\"none\"><path class=\"uagb-container__shape-fill\" d=\"M0,6V0h1000v100L0,6z\"><\/path><\/svg><\/div><div class=\"uagb-container-inner-blocks-wrap\">\n<div class=\"wp-block-uagb-advanced-heading uagb-block-e4d339d4\"><h3 class=\"uagb-heading-text\">Mixeos coleccionables<\/h3><\/div>\n<\/div><\/div>\n\n\n\n<div class=\"wp-block-uagb-container uagb-block-f640c2f8 alignfull uagb-is-root-container\"><div class=\"uagb-container-inner-blocks-wrap\">\n<div class=\"wp-block-uagb-container uagb-block-b5d2ddb4\">\n<div class=\"wp-block-uagb-info-box uagb-block-77e0355f uagb-infobox__content-wrap  uagb-infobox-icon-above-title uagb-infobox-image-valign-top\"><div class=\"uagb-ifb-content\"><div class=\"uagb-ifb-title-wrap\"><h4 class=\"uagb-ifb-title\">Mixeos especiales<\/h4><\/div><p class=\"uagb-ifb-desc\">Mix coleccionables, estoy se ir\u00e1n borrando poco a poco as\u00ed que te recomiendo que los descargues para irlos coleccionando uno a uno. Ulugruuun<\/p><\/div><\/div>\n\n\n\n<div data-aos= \"fade-up\" data-aos-duration=\"400\" data-aos-delay=\"0\" data-aos-easing=\"ease\" data-aos-once=\"true\" class=\"wp-block-uagb-info-box uagb-block-aab30e02 uagb-infobox__content-wrap  uagb-infobox-icon-right uagb-infobox-right uagb-infobox-stacked-mobile uagb-infobox-reverse-order-mobile uagb-infobox-image-valign-top\"><div class=\"uagb-ifb-content\"><div class=\"uagb-ifb-title-wrap\"><h6 class=\"uagb-ifb-title\">Convivio mix 4<\/h6><\/div><p class=\"uagb-ifb-desc\"><a href=\"https:\/\/djpatoguatemala.com\/djpato\/mixes\/Convivios-Mix-4-Dj-Pato-Guatemala.mp3\">Descarga<\/a><\/p><\/div><div class=\"uagb-ifb-image-content\"><img decoding=\"async\" src=\"https:\/\/djpatoguatemala.com\/djpato\/wp-content\/uploads\/2025\/12\/convivio-mix-4-150x150.jpg\" alt=\"\" width=\"144\" height=\"144\" loading=\"lazy\"\/><\/div><\/div>\n\n\n\n<div class=\"wp-block-group is-layout-constrained wp-block-group-is-layout-constrained\">\n<div data-aos= \"fade-down\" data-aos-duration=\"400\" data-aos-delay=\"0\" data-aos-easing=\"ease\" data-aos-once=\"true\" class=\"wp-block-uagb-info-box uagb-block-1fcf6839 uagb-infobox__content-wrap  uagb-infobox-icon-left uagb-infobox-left uagb-infobox-stacked-mobile uagb-infobox-image-valign-middle\"><div class=\"uagb-ifb-image-content\"><img decoding=\"async\" src=\"https:\/\/djpatoguatemala.com\/djpato\/wp-content\/uploads\/2025\/12\/convivio-3-mix-150x150.jpg\" alt=\"\" width=\"\" height=\"0\" loading=\"lazy\"\/><\/div><div class=\"uagb-ifb-content\"><div class=\"uagb-ifb-title-wrap\"><h6 class=\"uagb-ifb-title\">Convivio mix 3<br><\/h6><\/div><p class=\"uagb-ifb-desc\"><a href=\"https:\/\/djpatoguatemala.com\/djpato\/mixes\/Convivios-Mix-3-Dj-Pato-Guatemala.mp3\">Descargar<\/a><\/p><\/div><\/div>\n<\/div>\n\n\n\n<div data-aos= \"fade-up\" data-aos-duration=\"400\" data-aos-delay=\"0\" data-aos-easing=\"ease\" data-aos-once=\"true\" class=\"wp-block-uagb-info-box uagb-block-87c52a6c uagb-infobox__content-wrap  uagb-infobox-icon-right uagb-infobox-right uagb-infobox-stacked-mobile uagb-infobox-reverse-order-mobile uagb-infobox-image-valign-top\"><div class=\"uagb-ifb-content\"><div class=\"uagb-ifb-title-wrap\"><h6 class=\"uagb-ifb-title\">Convivio mix 2<\/h6><\/div><p class=\"uagb-ifb-desc\"><a href=\"https:\/\/djpatoguatemala.com\/djpato\/mixes\/Convivios-Mix-2-Dj-Pato-Guatemala.mp3\">Descarga<\/a><\/p><\/div><div class=\"uagb-ifb-image-content\"><img decoding=\"async\" src=\"https:\/\/djpatoguatemala.com\/djpato\/wp-content\/uploads\/2025\/12\/convivio-mix-2-150x150.jpg\" alt=\"\" width=\"144\" height=\"144\" loading=\"lazy\"\/><\/div><\/div>\n\n\n\n<div data-aos= \"fade-down\" data-aos-duration=\"400\" data-aos-delay=\"0\" data-aos-easing=\"ease\" data-aos-once=\"true\" class=\"wp-block-uagb-info-box uagb-block-2b3a9fcf uagb-infobox__content-wrap  uagb-infobox-icon-left uagb-infobox-left uagb-infobox-stacked-mobile uagb-infobox-image-valign-middle\"><div class=\"uagb-ifb-image-content\"><img decoding=\"async\" src=\"https:\/\/djpatoguatemala.com\/djpato\/wp-content\/uploads\/2025\/12\/convivio-mix-1-150x150.jpg\" alt=\"\" width=\"\" height=\"0\" loading=\"lazy\"\/><\/div><div class=\"uagb-ifb-content\"><div class=\"uagb-ifb-title-wrap\"><h6 class=\"uagb-ifb-title\">Convivio mix 1<br><\/h6><\/div><p class=\"uagb-ifb-desc\"><a href=\"https:\/\/djpatoguatemala.com\/djpato\/mixes\/Convivios%20Mix%201%20Dj%20Pato%20Guatemala.mp3\">Descargar<\/a><\/p><\/div><\/div>\n\n\n\n<div data-aos= \"fade-up\" data-aos-duration=\"400\" data-aos-delay=\"0\" data-aos-easing=\"ease\" data-aos-once=\"true\" class=\"wp-block-uagb-info-box uagb-block-4bf168d2 uagb-infobox__content-wrap  uagb-infobox-icon-right uagb-infobox-right uagb-infobox-stacked-mobile uagb-infobox-reverse-order-mobile uagb-infobox-image-valign-top\"><div class=\"uagb-ifb-content\"><div class=\"uagb-ifb-title-wrap\"><h6 class=\"uagb-ifb-title\">fm 95, a\u00f1os 80&#8217;s<\/h6><\/div><p class=\"uagb-ifb-desc\"><a href=\"https:\/\/djpatoguatemala.com\/djpato\/mixes\/Fm-95-80s-para-Coleccionistas-Dj-Pato-Guatema.mp3\">Descarga<\/a><\/p><\/div><div class=\"uagb-ifb-image-content\"><img decoding=\"async\" src=\"https:\/\/djpatoguatemala.com\/djpato\/wp-content\/uploads\/2025\/12\/viernes111-150x150.jpg\" alt=\"\" width=\"144\" height=\"144\" loading=\"lazy\"\/><\/div><\/div>\n\n\n\n<div data-aos= \"fade-down\" data-aos-duration=\"400\" data-aos-delay=\"0\" data-aos-easing=\"ease\" data-aos-once=\"true\" class=\"wp-block-uagb-info-box uagb-block-2dbae906 uagb-infobox__content-wrap  uagb-infobox-icon-left uagb-infobox-left uagb-infobox-stacked-mobile uagb-infobox-image-valign-middle\"><div class=\"uagb-ifb-image-content\"><img decoding=\"async\" src=\"https:\/\/djpatoguatemala.com\/djpato\/wp-content\/uploads\/2025\/12\/mix-ganador-1-150x150.jpg\" alt=\"\" width=\"\" height=\"0\" loading=\"lazy\"\/><\/div><div class=\"uagb-ifb-content\"><div class=\"uagb-ifb-title-wrap\"><h6 class=\"uagb-ifb-title\">top 99 radio mix ganador<\/h6><\/div><p class=\"uagb-ifb-desc\"><a href=\"https:\/\/djpatoguatemala.com\/djpato\/mixes\/Club-90-y-80-Mix-Dj-Pato-Guatemala..mp3\">Descargar<\/a><br><\/p><\/div><\/div>\n<\/div>\n<\/div><\/div>\n\n\n\n<div class=\"wp-block-uagb-container uagb-block-9a76cc76 alignfull uagb-is-root-container\"><div class=\"uagb-container__shape uagb-container__shape-top uagb-container__shape-flip\"><svg xmlns=\"https:\/\/www.w3.org\/2000\/svg\" viewBox=\"0 0 1000 100\" preserveAspectRatio=\"none\"><path class=\"uagb-container__shape-fill\" d=\"M0,6V0h1000v100L0,6z\"><\/path><\/svg><\/div><div class=\"uagb-container__shape uagb-container__shape-bottom uagb-container__shape-flip uagb-container__invert\" data-negative=\"false\"><svg xmlns=\"https:\/\/www.w3.org\/2000\/svg\" viewBox=\"0 0 1000 100\" preserveAspectRatio=\"none\"><path class=\"uagb-container__shape-fill\" d=\"M0,6V0h1000v100L0,6z\"><\/path><\/svg><\/div>\n<div class=\"wp-block-uagb-advanced-heading uagb-block-3bcea69c\"><h3 class=\"uagb-heading-text\">Mixeos nuevos todos los viernes<\/h3><\/div>\n<\/div>\n\n\n\n<div class=\"wp-block-uagb-container uagb-block-f483d599 alignfull uagb-is-root-container\"><div class=\"uagb-container-inner-blocks-wrap\"><\/div><\/div>\n\n\n\n<div class=\"wp-block-uagb-container uagb-block-28d1d638 alignfull uagb-is-root-container\"><div class=\"uagb-container__shape uagb-container__shape-top uagb-container__shape-flip\"><svg xmlns=\"https:\/\/www.w3.org\/2000\/svg\" viewBox=\"0 0 1000 100\" preserveAspectRatio=\"none\"><path class=\"uagb-container__shape-fill\" d=\"M0,6V0h1000v100L0,6z\"><\/path><\/svg><\/div><div class=\"uagb-container__shape uagb-container__shape-bottom uagb-container__shape-flip uagb-container__invert\" data-negative=\"false\"><svg xmlns=\"https:\/\/www.w3.org\/2000\/svg\" viewBox=\"0 0 1000 100\" preserveAspectRatio=\"none\"><path class=\"uagb-container__shape-fill\" d=\"M0,6V0h1000v100L0,6z\"><\/path><\/svg><\/div>\n<div class=\"wp-block-uagb-advanced-heading uagb-block-6f99f160\"><h3 class=\"uagb-heading-text\">Muchos mixeos m\u00e1s<\/h3><\/div>\n<\/div>\n","protected":false},"excerpt":{"rendered":"<p>Todo comenz\u00f3 as\u00ed La pasi\u00f3n por mezclar las mejores canciones que a todos nos gusta Mixeos coleccionables Mixeos nuevos todos los viernes Muchos mixeos m\u00e1s<\/p>\n","protected":false},"author":1,"featured_media":1906,"parent":0,"menu_order":0,"comment_status":"closed","ping_status":"closed","template":"","meta":{"_uag_custom_page_level_css":"","site-sidebar-layout":"no-sidebar","site-content-layout":"plain-container","ast-site-content-layout":"normal-width-container","site-content-style":"unboxed","site-sidebar-style":"unboxed","ast-global-header-display":"","ast-banner-title-visibility":"","ast-main-header-display":"","ast-hfb-above-header-display":"","ast-hfb-below-header-display":"","ast-hfb-mobile-header-display":"","site-post-title":"disabled","ast-breadcrumbs-content":"","ast-featured-img":"disabled","footer-sml-layout":"","ast-disable-related-posts":"","theme-transparent-header-meta":"enabled","adv-header-id-meta":"","stick-header-meta":"","header-above-stick-meta":"","header-main-stick-meta":"","header-below-stick-meta":"","astra-migrate-meta-layouts":"set","ast-page-background-enabled":"default","ast-page-background-meta":{"desktop":{"background-color":"","background-image":"","background-repeat":"repeat","background-position":"center center","background-size":"auto","background-attachment":"scroll","background-type":"","background-media":"","overlay-type":"","overlay-color":"","overlay-opacity":"","overlay-gradient":""},"tablet":{"background-color":"","background-image":"","background-repeat":"repeat","background-position":"center center","background-size":"auto","background-attachment":"scroll","background-type":"","background-media":"","overlay-type":"","overlay-color":"","overlay-opacity":"","overlay-gradient":""},"mobile":{"background-color":"","background-image":"","background-repeat":"repeat","background-position":"center center","background-size":"auto","background-attachment":"scroll","background-type":"","background-media":"","overlay-type":"","overlay-color":"","overlay-opacity":"","overlay-gradient":""}},"ast-content-background-meta":{"desktop":{"background-color":"var(--ast-global-color-5)","background-image":"","background-repeat":"repeat","background-position":"center center","background-size":"auto","background-attachment":"scroll","background-type":"","background-media":"","overlay-type":"","overlay-color":"","overlay-opacity":"","overlay-gradient":""},"tablet":{"background-color":"var(--ast-global-color-5)","background-image":"","background-repeat":"repeat","background-position":"center center","background-size":"auto","background-attachment":"scroll","background-type":"","background-media":"","overlay-type":"","overlay-color":"","overlay-opacity":"","overlay-gradient":""},"mobile":{"background-color":"var(--ast-global-color-5)","background-image":"","background-repeat":"repeat","background-position":"center center","background-size":"auto","background-attachment":"scroll","background-type":"","background-media":"","overlay-type":"","overlay-color":"","overlay-opacity":"","overlay-gradient":""}},"footnotes":""},"class_list":["post-774","page","type-page","status-publish","has-post-thumbnail","hentry"],"uagb_featured_image_src":{"full":["https:\/\/djpatoguatemala.com\/djpato\/wp-content\/uploads\/2024\/04\/WhatsApp-Image-2023-04-17-at-12.28.19.jpeg",843,1280,false],"thumbnail":["https:\/\/djpatoguatemala.com\/djpato\/wp-content\/uploads\/2024\/04\/WhatsApp-Image-2023-04-17-at-12.28.19-150x150.jpeg",150,150,true],"medium":["https:\/\/djpatoguatemala.com\/djpato\/wp-content\/uploads\/2024\/04\/WhatsApp-Image-2023-04-17-at-12.28.19-198x300.jpeg",198,300,true],"medium_large":["https:\/\/djpatoguatemala.com\/djpato\/wp-content\/uploads\/2024\/04\/WhatsApp-Image-2023-04-17-at-12.28.19-768x1166.jpeg",768,1166,true],"large":["https:\/\/djpatoguatemala.com\/djpato\/wp-content\/uploads\/2024\/04\/WhatsApp-Image-2023-04-17-at-12.28.19-674x1024.jpeg",674,1024,true],"1536x1536":["https:\/\/djpatoguatemala.com\/djpato\/wp-content\/uploads\/2024\/04\/WhatsApp-Image-2023-04-17-at-12.28.19.jpeg",843,1280,false],"2048x2048":["https:\/\/djpatoguatemala.com\/djpato\/wp-content\/uploads\/2024\/04\/WhatsApp-Image-2023-04-17-at-12.28.19.jpeg",843,1280,false]},"uagb_author_info":{"display_name":"horst","author_link":"https:\/\/djpatoguatemala.com\/djpato\/author\/horst\/"},"uagb_comment_info":0,"uagb_excerpt":"Todo comenz\u00f3 as\u00ed La pasi\u00f3n por mezclar las mejores canciones que a todos nos gusta Mixeos coleccionables Mixeos nuevos todos los viernes Muchos mixeos m\u00e1s","_links":{"self":[{"href":"https:\/\/djpatoguatemala.com\/djpato\/wp-json\/wp\/v2\/pages\/774","targetHints":{"allow":["GET"]}}],"collection":[{"href":"https:\/\/djpatoguatemala.com\/djpato\/wp-json\/wp\/v2\/pages"}],"about":[{"href":"https:\/\/djpatoguatemala.com\/djpato\/wp-json\/wp\/v2\/types\/page"}],"author":[{"embeddable":true,"href":"https:\/\/djpatoguatemala.com\/djpato\/wp-json\/wp\/v2\/users\/1"}],"replies":[{"embeddable":true,"href":"https:\/\/djpatoguatemala.com\/djpato\/wp-json\/wp\/v2\/comments?post=774"}],"version-history":[{"count":43,"href":"https:\/\/djpatoguatemala.com\/djpato\/wp-json\/wp\/v2\/pages\/774\/revisions"}],"predecessor-version":[{"id":2226,"href":"https:\/\/djpatoguatemala.com\/djpato\/wp-json\/wp\/v2\/pages\/774\/revisions\/2226"}],"wp:featuredmedia":[{"embeddable":true,"href":"https:\/\/djpatoguatemala.com\/djpato\/wp-json\/wp\/v2\/media\/1906"}],"wp:attachment":[{"href":"https:\/\/djpatoguatemala.com\/djpato\/wp-json\/wp\/v2\/media?parent=774"}],"curies":[{"name":"wp","href":"https:\/\/api.w.org\/{rel}","templated":true}]}}