{"id":772,"date":"2024-04-03T00:53:26","date_gmt":"2024-04-03T00:53:26","guid":{"rendered":"https:\/\/djpatoguatemala.com\/djpato\/home\/"},"modified":"2025-07-23T15:42:07","modified_gmt":"2025-07-23T15:42:07","slug":"inicio","status":"publish","type":"page","link":"https:\/\/djpatoguatemala.com\/djpato\/","title":{"rendered":"Inicio"},"content":{"rendered":"\n<div class=\"wp-block-uagb-container uagb-block-1062d911 alignfull uagb-is-root-container\"><div class=\"uagb-container-inner-blocks-wrap\">\n<div class=\"wp-block-uagb-container uagb-block-840ded69\">\n<div data-aos= \"fade-right\" data-aos-duration=\"400\" data-aos-delay=\"0\" data-aos-easing=\"ease\" data-aos-once=\"true\" class=\"wp-block-uagb-advanced-heading uagb-block-f5dde952\"><h6 class=\"uagb-heading-text\">70&#8217;s 80&#8217;s 90&#8217;s<\/h6><\/div>\n\n\n\n<div data-aos= \"fade\" data-aos-duration=\"400\" data-aos-delay=\"0\" data-aos-easing=\"ease\" data-aos-once=\"true\" class=\"wp-block-uagb-advanced-heading uagb-block-651269c5\"><h1 class=\"uagb-heading-text\">DJ PATO<\/h1><\/div>\n\n\n\n<div data-aos= \"fade\" data-aos-duration=\"400\" data-aos-delay=\"0\" data-aos-easing=\"ease\" data-aos-once=\"true\" class=\"wp-block-uagb-advanced-heading uagb-block-6fda6079\"><h3 class=\"uagb-heading-text\">GUATEMALA<\/h3><\/div>\n<\/div>\n<\/div><\/div>\n\n\n\n<div class=\"wp-block-uagb-container uagb-block-e36bd128 alignfull uagb-is-root-container\"><div class=\"uagb-container-inner-blocks-wrap\">\n<div class=\"wp-block-uagb-container uagb-block-d61268b4 alignfull uagb-is-root-container\"><div class=\"uagb-container-inner-blocks-wrap\">\n<div data-aos= \"fade\" data-aos-duration=\"400\" data-aos-delay=\"0\" data-aos-easing=\"ease\" data-aos-once=\"true\" class=\"wp-block-uagb-advanced-heading uagb-block-3811557c uag-blocks-common-selector\" style=\"--z-index-desktop:undefined;;--z-index-tablet:undefined;;--z-index-mobile:506;\"><h4 class=\"uagb-heading-text\">Dj coleccionista de las mejores \u00e9pocas musicales<\/h4><p class=\"uagb-desc-text\">\u201cTe saluda tu amigo y servidor Dj Pato Guatemala, gracias por visitar este sitio web, para mi es un honor tenerte ac\u00e1, ya que encontraras parte de mi trabajo y mi vida que es la m\u00fasica retro, tanto en espa\u00f1ol como en ingles.\u00bb<\/p><\/div>\n\n\n\n<div class=\"wp-block-uagb-advanced-heading uagb-block-4bb7ad2a\"><h6 class=\"uagb-heading-text\">Ulugruuunnn!!!<\/h6><\/div>\n<\/div><\/div>\n\n\n\n<div class=\"wp-block-uagb-container uagb-block-07e1377c alignfull uagb-is-root-container\"><div class=\"uagb-container-inner-blocks-wrap\">\n<div class=\"wp-block-group is-layout-constrained wp-block-group-is-layout-constrained\">\n<div class=\"wp-block-columns is-layout-flex wp-container-core-columns-is-layout-28f84493 wp-block-columns-is-layout-flex\">\n<div class=\"wp-block-column is-layout-flow wp-block-column-is-layout-flow\" style=\"flex-basis:100%\">\n<div class=\"wp-block-columns is-layout-flex wp-container-core-columns-is-layout-28f84493 wp-block-columns-is-layout-flex\">\n<div class=\"wp-block-column is-layout-flow wp-block-column-is-layout-flow\" style=\"flex-basis:100%\"><\/div>\n<\/div>\n<\/div>\n<\/div>\n<\/div>\n<\/div><\/div>\n\n\n\n<div class=\"wp-block-uagb-container uagb-block-e35c12a9 alignfull uagb-is-root-container\"><div class=\"uagb-container-inner-blocks-wrap\">\n<div class=\"wp-block-uagb-advanced-heading uagb-block-7ae72f6e\"><h4 class=\"uagb-heading-text\">30 aniversario Paladium 19 de julio<\/h4><\/div>\n\n\n\n<div class=\"wp-block-group is-layout-constrained wp-block-group-is-layout-constrained\">\n<div class=\"wp-block-columns is-layout-flex wp-container-core-columns-is-layout-28f84493 wp-block-columns-is-layout-flex\">\n<div class=\"wp-block-column is-layout-flow wp-block-column-is-layout-flow\" style=\"flex-basis:100%\">\n<div class=\"wp-block-columns is-layout-flex wp-container-core-columns-is-layout-28f84493 wp-block-columns-is-layout-flex\">\n<div class=\"wp-block-column is-layout-flow wp-block-column-is-layout-flow\" style=\"flex-basis:100%\">\n<div class=\"wp-block-uagb-container uagb-block-7fcd7ba3\">\n<div class=\"wp-block-columns is-layout-flex wp-container-core-columns-is-layout-28f84493 wp-block-columns-is-layout-flex\">\n<div class=\"wp-block-column is-layout-flow wp-block-column-is-layout-flow\" style=\"flex-basis:25%\"><\/div>\n\n\n\n<div class=\"wp-block-column is-layout-flow wp-block-column-is-layout-flow\" style=\"flex-basis:50%\">\n<figure style=\"margin-top:0;margin-right:0;margin-bottom:0;margin-left:0\" class=\"wp-block-video\"><video height=\"850\" style=\"aspect-ratio: 478 \/ 850;\" width=\"478\" controls src=\"https:\/\/djpatoguatemala.com\/djpato\/wp-content\/uploads\/2025\/07\/aniverario-paladium.mp4\"><\/video><\/figure>\n<\/div>\n\n\n\n<div class=\"wp-block-column is-layout-flow wp-block-column-is-layout-flow\" style=\"flex-basis:25%\"><\/div>\n<\/div>\n<\/div>\n<\/div>\n<\/div>\n<\/div>\n<\/div>\n<\/div>\n<\/div><\/div>\n\n\n\n<div class=\"wp-block-uagb-container uagb-block-62717781 alignfull uagb-is-root-container\"><div class=\"uagb-container-inner-blocks-wrap\">\n<div class=\"wp-block-uagb-advanced-heading uagb-block-7e289fb7\"><h4 class=\"uagb-heading-text\">2 Video usando 3 tornamesas Vinilo real<\/h4><\/div>\n\n\n\n<div class=\"wp-block-group is-layout-constrained wp-block-group-is-layout-constrained\">\n<div class=\"wp-block-columns is-layout-flex wp-container-core-columns-is-layout-28f84493 wp-block-columns-is-layout-flex\">\n<div class=\"wp-block-column is-layout-flow wp-block-column-is-layout-flow\" style=\"flex-basis:100%\">\n<div class=\"wp-block-columns is-layout-flex wp-container-core-columns-is-layout-28f84493 wp-block-columns-is-layout-flex\">\n<div class=\"wp-block-column is-layout-flow wp-block-column-is-layout-flow\" style=\"flex-basis:100%\">\n<div class=\"wp-block-uagb-container uagb-block-1518157f\">\n<div class=\"wp-block-columns is-layout-flex wp-container-core-columns-is-layout-28f84493 wp-block-columns-is-layout-flex\">\n<div class=\"wp-block-column is-layout-flow wp-block-column-is-layout-flow\" style=\"flex-basis:25%\"><\/div>\n\n\n\n<div class=\"wp-block-column is-layout-flow wp-block-column-is-layout-flow\" style=\"flex-basis:50%\">\n<figure style=\"margin-top:0;margin-right:0;margin-bottom:0;margin-left:0\" class=\"wp-block-video\"><video height=\"1430\" style=\"aspect-ratio: 1080 \/ 1430;\" width=\"1080\" controls src=\"https:\/\/djpatoguatemala.com\/djpato\/wp-content\/uploads\/2025\/02\/90smixdj-pato-guatemala.mp4\"><\/video><\/figure>\n<\/div>\n\n\n\n<div class=\"wp-block-column is-layout-flow wp-block-column-is-layout-flow\" style=\"flex-basis:25%\"><\/div>\n<\/div>\n<\/div>\n<\/div>\n<\/div>\n<\/div>\n<\/div>\n<\/div>\n<\/div><\/div>\n\n\n\n<div class=\"wp-block-uagb-container uagb-block-e102c251 alignfull uagb-is-root-container\"><div class=\"uagb-container-inner-blocks-wrap\">\n<div class=\"wp-block-uagb-advanced-heading uagb-block-a053ba05\"><\/div>\n\n\n\n<div class=\"wp-block-uagb-advanced-heading uagb-block-48b979e4\"><h4 class=\"uagb-heading-text\">Dj Pato Guatemala in the mix<\/h4><\/div>\n\n\n\n<div class=\"wp-block-group is-layout-constrained wp-block-group-is-layout-constrained\">\n<div class=\"wp-block-columns is-layout-flex wp-container-core-columns-is-layout-28f84493 wp-block-columns-is-layout-flex\">\n<div class=\"wp-block-column is-layout-flow wp-block-column-is-layout-flow\" style=\"flex-basis:100%\">\n<div class=\"wp-block-columns is-layout-flex wp-container-core-columns-is-layout-28f84493 wp-block-columns-is-layout-flex\">\n<div class=\"wp-block-column is-layout-flow wp-block-column-is-layout-flow\" style=\"flex-basis:100%\">\n<div class=\"wp-block-uagb-container uagb-block-ec3a3a44\">\n<div class=\"wp-block-columns is-layout-flex wp-container-core-columns-is-layout-28f84493 wp-block-columns-is-layout-flex\">\n<div class=\"wp-block-column is-layout-flow wp-block-column-is-layout-flow\" style=\"flex-basis:25%\"><\/div>\n\n\n\n<div class=\"wp-block-column is-layout-flow wp-block-column-is-layout-flow\" style=\"flex-basis:50%\">\n<figure style=\"margin-top:0;margin-right:0;margin-bottom:0;margin-left:0\" class=\"wp-block-video\"><video height=\"848\" style=\"aspect-ratio: 620 \/ 848;\" width=\"620\" controls src=\"https:\/\/djpatoguatemala.com\/djpato\/wp-content\/uploads\/2025\/01\/djpato3turntables.mp4\"><\/video><\/figure>\n<\/div>\n\n\n\n<div class=\"wp-block-column is-layout-flow wp-block-column-is-layout-flow\" style=\"flex-basis:25%\"><\/div>\n<\/div>\n<\/div>\n<\/div>\n<\/div>\n<\/div>\n<\/div>\n<\/div>\n<\/div><\/div>\n\n\n\n<div class=\"wp-block-uagb-container uagb-block-7c1c2ba0 alignfull uagb-is-root-container\"><div class=\"uagb-container-inner-blocks-wrap\">\n<div class=\"wp-block-uagb-advanced-heading uagb-block-39d478e9\"><\/div>\n\n\n\n<div class=\"wp-block-uagb-advanced-heading uagb-block-6575115d\"><h4 class=\"uagb-heading-text\">Dj Pato Guatemala Los Angeles CA<\/h4><\/div>\n\n\n\n<div class=\"wp-block-group is-layout-constrained wp-block-group-is-layout-constrained\">\n<div class=\"wp-block-columns is-layout-flex wp-container-core-columns-is-layout-28f84493 wp-block-columns-is-layout-flex\">\n<div class=\"wp-block-column is-layout-flow wp-block-column-is-layout-flow\" style=\"flex-basis:100%\">\n<div class=\"wp-block-columns is-layout-flex wp-container-core-columns-is-layout-28f84493 wp-block-columns-is-layout-flex\">\n<div class=\"wp-block-column is-layout-flow wp-block-column-is-layout-flow\" style=\"flex-basis:100%\">\n<div class=\"wp-block-uagb-container uagb-block-568e28a9\">\n<div class=\"wp-block-columns is-layout-flex wp-container-core-columns-is-layout-28f84493 wp-block-columns-is-layout-flex\">\n<div class=\"wp-block-column is-layout-flow wp-block-column-is-layout-flow\" style=\"flex-basis:25%\"><\/div>\n\n\n\n<div class=\"wp-block-column is-layout-flow wp-block-column-is-layout-flow\" style=\"flex-basis:50%\">\n<div class=\"wp-block-columns is-layout-flex wp-container-core-columns-is-layout-28f84493 wp-block-columns-is-layout-flex\">\n<div class=\"wp-block-column is-layout-flow wp-block-column-is-layout-flow\" style=\"flex-basis:100%\">\n<figure style=\"margin-top:0;margin-right:0;margin-bottom:0;margin-left:0\" class=\"wp-block-video\"><video height=\"848\" style=\"aspect-ratio: 480 \/ 848;\" width=\"480\" controls src=\"https:\/\/djpatoguatemala.com\/djpato\/wp-content\/uploads\/2024\/08\/los-angeles.mp4\"><\/video><\/figure>\n<\/div>\n<\/div>\n<\/div>\n\n\n\n<div class=\"wp-block-column is-layout-flow wp-block-column-is-layout-flow\" style=\"flex-basis:25%\"><\/div>\n<\/div>\n<\/div>\n<\/div>\n<\/div>\n<\/div>\n<\/div>\n<\/div>\n<\/div><\/div>\n\n\n\n<div class=\"wp-block-uagb-container uagb-block-3eb10cb4 alignfull uagb-is-root-container\"><div class=\"uagb-container-inner-blocks-wrap\">\n<div class=\"wp-block-uagb-advanced-heading uagb-block-58edefbd\"><\/div>\n\n\n\n<div class=\"wp-block-uagb-advanced-heading uagb-block-97308ff0\"><h4 class=\"uagb-heading-text\">38 aniversario Dj Pato Guatemala<\/h4><\/div>\n\n\n\n<div class=\"wp-block-group is-layout-constrained wp-block-group-is-layout-constrained\">\n<div class=\"wp-block-columns is-layout-flex wp-container-core-columns-is-layout-28f84493 wp-block-columns-is-layout-flex\">\n<div class=\"wp-block-column is-layout-flow wp-block-column-is-layout-flow\" style=\"flex-basis:100%\">\n<div class=\"wp-block-columns is-layout-flex wp-container-core-columns-is-layout-28f84493 wp-block-columns-is-layout-flex\">\n<div class=\"wp-block-column is-layout-flow wp-block-column-is-layout-flow\" style=\"flex-basis:100%\">\n<div class=\"wp-block-uagb-container uagb-block-add5a9a2\">\n<div class=\"wp-block-columns is-layout-flex wp-container-core-columns-is-layout-28f84493 wp-block-columns-is-layout-flex\">\n<div class=\"wp-block-column is-layout-flow wp-block-column-is-layout-flow\" style=\"flex-basis:25%\"><\/div>\n\n\n\n<div class=\"wp-block-column is-layout-flow wp-block-column-is-layout-flow\" style=\"flex-basis:50%\">\n<figure style=\"margin-top:0;margin-right:0;margin-bottom:0;margin-left:0\" class=\"wp-block-video\"><video height=\"896\" style=\"aspect-ratio: 504 \/ 896;\" width=\"504\" controls src=\"https:\/\/djpatoguatemala.com\/djpato\/wp-content\/uploads\/2024\/07\/38-aniversario-dj-pato-guatemala-480-px.mp4\"><\/video><\/figure>\n<\/div>\n\n\n\n<div class=\"wp-block-column is-layout-flow wp-block-column-is-layout-flow\" style=\"flex-basis:25%\"><\/div>\n<\/div>\n<\/div>\n<\/div>\n<\/div>\n<\/div>\n<\/div>\n<\/div>\n<\/div><\/div>\n\n\n\n<div class=\"wp-block-uagb-container uagb-block-2579ae0a alignfull uagb-is-root-container\"><div class=\"uagb-container-inner-blocks-wrap\">\n<div class=\"wp-block-uagb-advanced-heading uagb-block-0def7be6\"><h4 class=\"uagb-heading-text\">Entrevista en Los \u00c1ngeles California<\/h4><\/div>\n\n\n\n<div class=\"wp-block-group is-layout-constrained wp-block-group-is-layout-constrained\">\n<div class=\"wp-block-columns is-layout-flex wp-container-core-columns-is-layout-28f84493 wp-block-columns-is-layout-flex\">\n<div class=\"wp-block-column is-layout-flow wp-block-column-is-layout-flow\" style=\"flex-basis:100%\">\n<div class=\"wp-block-columns is-layout-flex wp-container-core-columns-is-layout-28f84493 wp-block-columns-is-layout-flex\">\n<div class=\"wp-block-column is-layout-flow wp-block-column-is-layout-flow\" style=\"flex-basis:100%\">\n<div class=\"wp-block-uagb-container uagb-block-081a2dcc\">\n<div class=\"wp-block-columns is-layout-flex wp-container-core-columns-is-layout-28f84493 wp-block-columns-is-layout-flex\">\n<div class=\"wp-block-column is-layout-flow wp-block-column-is-layout-flow\" style=\"flex-basis:25%\"><\/div>\n\n\n\n<div class=\"wp-block-column is-layout-flow wp-block-column-is-layout-flow\" style=\"flex-basis:50%\">\n<figure style=\"margin-top:0;margin-right:0;margin-bottom:0;margin-left:0\" class=\"wp-block-video\"><video height=\"640\" style=\"aspect-ratio: 360 \/ 640;\" width=\"360\" controls src=\"https:\/\/djpatoguatemala.com\/djpato\/wp-content\/uploads\/2024\/05\/entrevistadjpato.mp4\"><\/video><\/figure>\n<\/div>\n\n\n\n<div class=\"wp-block-column is-layout-flow wp-block-column-is-layout-flow\" style=\"flex-basis:25%\"><\/div>\n<\/div>\n<\/div>\n<\/div>\n<\/div>\n<\/div>\n<\/div>\n<\/div>\n<\/div><\/div>\n\n\n\n<div class=\"wp-block-uagb-container uagb-block-6e9ef4ab alignfull uagb-is-root-container\"><div class=\"uagb-container-inner-blocks-wrap\">\n<div class=\"wp-block-uagb-advanced-heading uagb-block-40651f75\"><h4 class=\"uagb-heading-text\">Mi mas reciente reconocimiento<\/h4><p class=\"uagb-desc-text\">Con mucha alegr\u00eda les comparto este reconocimiento de parte de la Ciudad de Los \u00c1ngeles California, por el esfuerzo en la representaci\u00f3n art\u00edstica y musical de nuestro hermoso pa\u00eds Guatemala, con todo honor y aprecio dedico este logro a todos ustedes mis amigos chapines. <br>Dj Pato Guatemala<\/p><\/div>\n\n\n\n<div class=\"wp-block-group is-layout-constrained wp-block-group-is-layout-constrained\">\n<div class=\"wp-block-uagb-image aligncenter uagb-block-c6e94f36 wp-block-uagb-image--layout-default wp-block-uagb-image--effect-static wp-block-uagb-image--align-center\"><figure class=\"wp-block-uagb-image__figure\"><img decoding=\"async\" srcset=\"https:\/\/djpatoguatemala.com\/djpato\/wp-content\/uploads\/2024\/04\/reconocimientos-removebg-preview.png ,https:\/\/djpatoguatemala.com\/djpato\/wp-content\/uploads\/2024\/04\/reconocimientos-removebg-preview.png 780w, https:\/\/djpatoguatemala.com\/djpato\/wp-content\/uploads\/2024\/04\/reconocimientos-removebg-preview.png 360w\" sizes=\"auto, (max-width: 480px) 150px\" src=\"https:\/\/djpatoguatemala.com\/djpato\/wp-content\/uploads\/2024\/04\/reconocimientos-removebg-preview.png\" alt=\"\" class=\"uag-image-1800\" width=\"256\" height=\"390\" title=\"reconocimientos-removebg-preview\" loading=\"lazy\" role=\"img\"\/><\/figure><\/div>\n<\/div>\n<\/div><\/div>\n<\/div><\/div>\n\n\n\n<div class=\"wp-block-uagb-container uagb-block-37cdd5ec alignfull uagb-is-root-container\">\n<div class=\"wp-block-uagb-container uagb-block-cbebf1f8\">\n<figure class=\"wp-block-image size-full is-resized is-style-rounded\"><img loading=\"lazy\" decoding=\"async\" width=\"1200\" height=\"1600\" src=\"https:\/\/djpatoguatemala.com\/djpato\/wp-content\/uploads\/2024\/04\/djpatoguatemalabyn.jpg\" alt=\"\" class=\"wp-image-1803\" style=\"width:540px;height:auto\" srcset=\"https:\/\/djpatoguatemala.com\/djpato\/wp-content\/uploads\/2024\/04\/djpatoguatemalabyn.jpg 1200w, https:\/\/djpatoguatemala.com\/djpato\/wp-content\/uploads\/2024\/04\/djpatoguatemalabyn-225x300.jpg 225w, https:\/\/djpatoguatemala.com\/djpato\/wp-content\/uploads\/2024\/04\/djpatoguatemalabyn-768x1024.jpg 768w, https:\/\/djpatoguatemala.com\/djpato\/wp-content\/uploads\/2024\/04\/djpatoguatemalabyn-1152x1536.jpg 1152w\" sizes=\"auto, (max-width: 1200px) 100vw, 1200px\" \/><\/figure>\n<\/div>\n\n\n\n<div class=\"wp-block-uagb-container uagb-block-b2276f60\">\n<div class=\"wp-block-group is-layout-constrained wp-block-group-is-layout-constrained\">\n<div class=\"wp-block-uagb-info-box uagb-block-c706ba2d uagb-infobox__content-wrap  uagb-infobox-icon-above-title uagb-infobox-image-valign-top\"><div class=\"uagb-ifb-content\"><div class=\"uagb-ifb-icon-wrap\"><svg xmlns=\"https:\/\/www.w3.org\/2000\/svg\" viewBox=\"0 0 512 512\"><path d=\"M0 256C0 114.6 114.6 0 256 0C397.4 0 512 114.6 512 256C512 397.4 397.4 512 256 512C114.6 512 0 397.4 0 256zM371.8 211.8C382.7 200.9 382.7 183.1 371.8 172.2C360.9 161.3 343.1 161.3 332.2 172.2L224 280.4L179.8 236.2C168.9 225.3 151.1 225.3 140.2 236.2C129.3 247.1 129.3 264.9 140.2 275.8L204.2 339.8C215.1 350.7 232.9 350.7 243.8 339.8L371.8 211.8z\"><\/path><\/svg><\/div><div class=\"uagb-ifb-title-wrap\"><h3 class=\"uagb-ifb-title\">Sobre mi carrera<\/h3><\/div><div class=\"uagb-ifb-separator\"><\/div><p class=\"uagb-ifb-desc\">DJ Pato, se ha establecido como uno de los Djs m\u00e1s destacados en Guatemala. Desde los 14 a\u00f1os sinti\u00f3 una fuerte atracci\u00f3n por los ritmos y melod\u00edas que<br>escuchaba en la radio, lo cual le impuls\u00f3 a explorar el mundo de la m\u00fasica. En ese entonces, los g\u00e9neros musicales representaron para \u00e9l una invitaci\u00f3n irresistible hacia su pasi\u00f3n por las melod\u00edas.<br><br>En una \u00e9poca en la que la tecnolog\u00eda era escasa, DJ Pato tuvo que educar su o\u00eddo para<br>dominar los tempos y c\u00e1lculos necesarios para sincronizar en vivo los ritmos. Super\u00f3 los<br>desafios y adquiri\u00f3 habilidades excepcionales para hacer mezclas impecables y ofrecer entretenimiento de calidad,<br><br>Leer m\u00e1s&#8230;<br><\/p><\/div><\/div>\n<\/div>\n<\/div>\n<\/div>\n\n\n\n<div class=\"wp-block-uagb-container uagb-block-492517c1 alignfull uagb-is-root-container\">\n<div class=\"wp-block-uagb-container uagb-block-3e7a3f10\">\n<div class=\"wp-block-uagb-advanced-heading uagb-block-022d68e7\"><h5 class=\"uagb-heading-text\">Live Mixing<\/h5><p class=\"uagb-desc-text\">Desde que aprend\u00ed a mezclar m\u00fasica, descubr\u00ed una pasi\u00f3n que me ha llevado a experimentar con diversos g\u00e9neros musicales. Crear mixes se convirti\u00f3 en mi forma de expresi\u00f3n favorita, y a lo largo del tiempo he ido acumulando una colecci\u00f3n que refleja mi amor por la m\u00fasica. En menos de dos a\u00f1os, he logrado reunir m\u00e1s de 522 mixes, cada uno representando una parte de mi creatividad y dedicaci\u00f3n. Explorar nuevos sonidos y fusionar diferentes estilos es lo que me impulsa a seguir creando, buscando siempre emocionar y sorprender a mi audiencia con cada nuevo mix.<br><\/p><\/div>\n<\/div>\n\n\n\n<div class=\"wp-block-uagb-container uagb-block-8b840e47\">\n<div class=\"wp-block-uagb-image uagb-block-116fd27b wp-block-uagb-image--layout-default wp-block-uagb-image--effect-grayscale wp-block-uagb-image--align-none\"><figure class=\"wp-block-uagb-image__figure\"><img decoding=\"async\" srcset=\"https:\/\/djpatoguatemala.com\/djpato\/wp-content\/uploads\/2024\/04\/3-edited.jpeg ,https:\/\/djpatoguatemala.com\/djpato\/wp-content\/uploads\/2024\/04\/3.jpeg 780w, https:\/\/djpatoguatemala.com\/djpato\/wp-content\/uploads\/2024\/04\/3.jpeg 360w\" sizes=\"auto, (max-width: 480px) 150px\" src=\"https:\/\/djpatoguatemala.com\/djpato\/wp-content\/uploads\/2024\/04\/3-edited.jpeg\" alt=\"\" class=\"uag-image-1871\" width=\"768\" height=\"1024\" title=\"3\" loading=\"lazy\" role=\"img\"\/><\/figure><\/div>\n<\/div>\n<\/div>\n\n\n\n<div class=\"wp-block-uagb-container uagb-block-530e0062 alignfull uagb-is-root-container\"><div class=\"uagb-container-inner-blocks-wrap\">\n<div class=\"wp-block-uagb-advanced-heading uagb-block-589eb9b4\"><h4 class=\"uagb-heading-text\">Pr\u00f3ximos Tours<\/h4><p class=\"uagb-desc-text\">Los Angeles California, El Salvador, New York, Guatemala<\/p><\/div>\n\n\n\n<div class=\"wp-block-uagb-container uagb-block-12ea8c65 alignfull uagb-is-root-container\"><div class=\"uagb-container-inner-blocks-wrap\">\n<div class=\"wp-block-uagb-container uagb-block-eb1ae0ef\">\n<div class=\"wp-block-uagb-advanced-heading uagb-block-c385a466\"><h5 class=\"uagb-heading-text\">7 de JUNIO<\/h5><\/div>\n<\/div>\n\n\n\n<div class=\"wp-block-uagb-container uagb-block-1fdc1809\">\n<div class=\"wp-block-uagb-advanced-heading uagb-block-da318971\"><h6 class=\"uagb-heading-text\">parque de la industria sal\u00f3n 8 y 9<\/h6><\/div>\n<\/div>\n\n\n\n<div class=\"wp-block-uagb-container uagb-block-b4908047\">\n<div class=\"wp-block-uagb-advanced-heading uagb-block-a4fc9ebb\"><h6 class=\"uagb-heading-text\">dj pato guatemala y fm de zacapa<\/h6><\/div>\n<\/div>\n\n\n\n<div class=\"wp-block-uagb-container uagb-block-c80bcced\">\n<div class=\"wp-block-uagb-buttons uagb-buttons__outer-wrap uagb-btn__default-btn uagb-btn-tablet__default-btn uagb-btn-mobile__default-btn uagb-block-84a73bf9\"><div class=\"uagb-buttons__wrap uagb-buttons-layout-wrap \">\n<div class=\"wp-block-uagb-buttons-child uagb-buttons__outer-wrap uagb-block-4d592cb5 wp-block-button\"><div class=\"uagb-button__wrapper\"><a class=\"uagb-buttons-repeater wp-block-button__link\" aria-label=\"\" href=\"https:\/\/ticketasa.gt\/events\/el_eclipse__vol.2_\/\" rel=\"follow noopener\" target=\"_self\" role=\"button\"><div class=\"uagb-button__link\">comprar<\/div><\/a><\/div><\/div>\n<\/div><\/div>\n<\/div>\n<\/div><\/div>\n<\/div><\/div>\n\n\n\n<p><\/p>\n","protected":false},"excerpt":{"rendered":"<p>70&#8217;s 80&#8217;s 90&#8217;s DJ PATO GUATEMALA Dj coleccionista de las mejores \u00e9pocas musicales \u201cTe saluda tu amigo y servidor Dj Pato Guatemala, gracias por visitar este sitio web, para mi es un honor tenerte ac\u00e1, ya que encontraras parte de mi trabajo y mi vida que es la m\u00fasica retro, tanto en espa\u00f1ol como en [&hellip;]<\/p>\n","protected":false},"author":1,"featured_media":0,"parent":0,"menu_order":0,"comment_status":"closed","ping_status":"closed","template":"","meta":{"_uag_custom_page_level_css":"","site-sidebar-layout":"no-sidebar","site-content-layout":"plain-container","ast-site-content-layout":"normal-width-container","site-content-style":"unboxed","site-sidebar-style":"unboxed","ast-global-header-display":"","ast-banner-title-visibility":"","ast-main-header-display":"","ast-hfb-above-header-display":"","ast-hfb-below-header-display":"","ast-hfb-mobile-header-display":"","site-post-title":"disabled","ast-breadcrumbs-content":"","ast-featured-img":"disabled","footer-sml-layout":"","ast-disable-related-posts":"","theme-transparent-header-meta":"enabled","adv-header-id-meta":"","stick-header-meta":"","header-above-stick-meta":"","header-main-stick-meta":"","header-below-stick-meta":"","astra-migrate-meta-layouts":"set","ast-page-background-enabled":"default","ast-page-background-meta":{"desktop":{"background-color":"","background-image":"","background-repeat":"repeat","background-position":"center center","background-size":"auto","background-attachment":"scroll","background-type":"","background-media":"","overlay-type":"","overlay-color":"","overlay-opacity":"","overlay-gradient":""},"tablet":{"background-color":"","background-image":"","background-repeat":"repeat","background-position":"center center","background-size":"auto","background-attachment":"scroll","background-type":"","background-media":"","overlay-type":"","overlay-color":"","overlay-opacity":"","overlay-gradient":""},"mobile":{"background-color":"","background-image":"","background-repeat":"repeat","background-position":"center center","background-size":"auto","background-attachment":"scroll","background-type":"","background-media":"","overlay-type":"","overlay-color":"","overlay-opacity":"","overlay-gradient":""}},"ast-content-background-meta":{"desktop":{"background-color":"var(--ast-global-color-5)","background-image":"","background-repeat":"repeat","background-position":"center center","background-size":"auto","background-attachment":"scroll","background-type":"","background-media":"","overlay-type":"","overlay-color":"","overlay-opacity":"","overlay-gradient":""},"tablet":{"background-color":"var(--ast-global-color-5)","background-image":"","background-repeat":"repeat","background-position":"center center","background-size":"auto","background-attachment":"scroll","background-type":"","background-media":"","overlay-type":"","overlay-color":"","overlay-opacity":"","overlay-gradient":""},"mobile":{"background-color":"var(--ast-global-color-5)","background-image":"","background-repeat":"repeat","background-position":"center center","background-size":"auto","background-attachment":"scroll","background-type":"","background-media":"","overlay-type":"","overlay-color":"","overlay-opacity":"","overlay-gradient":""}},"footnotes":""},"class_list":["post-772","page","type-page","status-publish","hentry"],"uagb_featured_image_src":{"full":false,"thumbnail":false,"medium":false,"medium_large":false,"large":false,"1536x1536":false,"2048x2048":false},"uagb_author_info":{"display_name":"horst","author_link":"https:\/\/djpatoguatemala.com\/djpato\/author\/horst\/"},"uagb_comment_info":0,"uagb_excerpt":"70&#8217;s 80&#8217;s 90&#8217;s DJ PATO GUATEMALA Dj coleccionista de las mejores \u00e9pocas musicales \u201cTe saluda tu amigo y servidor Dj Pato Guatemala, gracias por visitar este sitio web, para mi es un honor tenerte ac\u00e1, ya que encontraras parte de mi trabajo y mi vida que es la m\u00fasica retro, tanto en espa\u00f1ol como en&hellip;","_links":{"self":[{"href":"https:\/\/djpatoguatemala.com\/djpato\/wp-json\/wp\/v2\/pages\/772","targetHints":{"allow":["GET"]}}],"collection":[{"href":"https:\/\/djpatoguatemala.com\/djpato\/wp-json\/wp\/v2\/pages"}],"about":[{"href":"https:\/\/djpatoguatemala.com\/djpato\/wp-json\/wp\/v2\/types\/page"}],"author":[{"embeddable":true,"href":"https:\/\/djpatoguatemala.com\/djpato\/wp-json\/wp\/v2\/users\/1"}],"replies":[{"embeddable":true,"href":"https:\/\/djpatoguatemala.com\/djpato\/wp-json\/wp\/v2\/comments?post=772"}],"version-history":[{"count":68,"href":"https:\/\/djpatoguatemala.com\/djpato\/wp-json\/wp\/v2\/pages\/772\/revisions"}],"predecessor-version":[{"id":2197,"href":"https:\/\/djpatoguatemala.com\/djpato\/wp-json\/wp\/v2\/pages\/772\/revisions\/2197"}],"wp:attachment":[{"href":"https:\/\/djpatoguatemala.com\/djpato\/wp-json\/wp\/v2\/media?parent=772"}],"curies":[{"name":"wp","href":"https:\/\/api.w.org\/{rel}","templated":true}]}}